{"id":12,"date":"2023-05-11T08:42:39","date_gmt":"2023-05-11T06:42:39","guid":{"rendered":"https:\/\/tm.sogc.nu\/?page_id=12"},"modified":"2023-08-01T14:29:40","modified_gmt":"2023-08-01T12:29:40","slug":"info","status":"publish","type":"page","link":"https:\/\/tm.sogc.nu\/index.php\/info\/","title":{"rendered":"Praktisk information"},"content":{"rendered":"\n<h2 class=\"wp-block-heading\">Hitta hit<\/h2>\n\n\n\n<p>Vi \u00e4r p\u00e5 <a href=\"https:\/\/osbyborgen.se\/konferens\/\" data-type=\"URL\" data-id=\"https:\/\/osbyborgen.se\/konferens\/\" target=\"_blank\" rel=\"noreferrer noopener\">Kulturhuset Borgen<\/a>, Klockaregatan 4, 283 31 Osby. Vi kommer att vara p\u00e5 \u00f6verv\u00e5ningen. <\/p>\n\n\n\n<p>Hit kommer du enkelt med t\u00e5g till Osby station. Ta direktt\u00e5g fr\u00e5n K\u00f6penhamn via Malm\u00f6, Lund och H\u00e4ssleholm eller fr\u00e5n Kalmar via V\u00e4xj\u00f6 och Alvesta. Fr\u00e5n stationen \u00e4r det endast n\u00e5gra minuters promenad. Om du kommer med bil finns det gratis parkering i anslutning till lokalen. <\/p>\n\n\n\t\t<div id=\"wpmapblock_92d1a26d\" data-settings='{&quot;map_marker&quot;:[{&quot;lat&quot;:&quot;56.382010711322&quot;,&quot;lng&quot;:&quot;13.992944955859&quot;,&quot;title&quot;:&quot;Kulturhuset Borgen&quot;,&quot;content&quot;:&quot;Klockaregatan 4, 283 31 Osby. Vi kommer att vara p\\u00e5 \\u00f6verv\\u00e5ningen.&quot;,&quot;iconType&quot;:&quot;default&quot;,&quot;customIconUrl&quot;:&quot;&quot;,&quot;customIconWidth&quot;:&quot;25&quot;,&quot;customIconHeight&quot;:&quot;40&quot;}],&quot;map_zoom&quot;:&quot;5&quot;,&quot;scroll_wheel_zoom&quot;:&quot;1&quot;,&quot;map_type&quot;:&quot;GM&quot;,&quot;center_index&quot;:0}' class=\"wpmapblockrender\" style=\"\n\t\t\twidth: 100%;\n\t\t\theight: 345px;\n\t\t\"><\/div>\n        \n\n\n<p><\/p>\n\n\n\n<h2 class=\"wp-block-heading\">Boende<\/h2>\n\n\n\n<p>Vi har f\u00e5tt ett specialerbjudande fr\u00e5n IKEA Hotell i \u00c4lmhult: 795 SEK f\u00f6r 1-2 personer i Dubbelrum eller 995 SEK f\u00f6r upp till 4 personer i ett Familjerum. \u00c4lmhults t\u00e5gstation ligger endast en liten promenad fr\u00e5n Hotellet om man vill ta t\u00e5get till Osby p\u00e5 morgonen. <\/p>\n\n\n\n<p>V\u00e4nligen anv\u00e4nd f\u00f6ljande l\u00e4nk f\u00f6r att f\u00e5 tillg\u00e5ng till specialerbjudandet: <a rel=\"noreferrer noopener\" href=\"https:\/\/reservations.visbook.com\/9243?lang=se\" target=\"_blank\">https:\/\/reservations.visbook.com\/9243?lang=se<\/a><\/p>\n\n\n\n<p>Osby har ett hotell, Stora Hotellet. D\u00e4r finns ca 35 rum i olika storlekar. Stora Hotellet h\u00e5ller dock p\u00e5 med renovering s\u00e5 det kan eventuellt vara sv\u00e5rt att f\u00e5 plats d\u00e4r. <\/p>\n\n\n\n<h2 class=\"wp-block-heading\">Mat<\/h2>\n\n\n\n<p>I din biljett ing\u00e5r en fralla som serveras p\u00e5 morgonen n\u00e4r du anl\u00e4nder och en lunch som serveras p\u00e5 Restaurang Borgen vilken ligger i samma byggnad som vi spelar i. Om du har specialkost beh\u00f6ver du anm\u00e4la det till oss via fliken Kontakt. F\u00f6reningen SoGC bjuder p\u00e5 kaffe hela dagen. <\/p>\n\n\n\n<p>Sen eftermiddag, innan kvalomg\u00e5ng 3, finns m\u00f6jlighet till matpaus. Ica och Coop ligger n\u00e4ra, liksom flera pizzerior.<\/p>\n","protected":false},"excerpt":{"rendered":"<p>Hitta hit Vi \u00e4r p\u00e5 Kulturhuset Borgen, Klockaregatan 4, 283 31 Osby. Vi kommer att vara p\u00e5 \u00f6verv\u00e5ningen. Hit kommer du enkelt med t\u00e5g till Osby station. Ta direktt\u00e5g fr\u00e5n K\u00f6penhamn via Malm\u00f6, Lund och H\u00e4ssleholm eller fr\u00e5n Kalmar via V\u00e4xj\u00f6 och Alvesta. Fr\u00e5n stationen \u00e4r det endast n\u00e5gra minuters promenad. Om du kommer med&hellip;&nbsp;<a href=\"https:\/\/tm.sogc.nu\/index.php\/info\/\" class=\"\" rel=\"bookmark\">L\u00e4s mer &raquo;<span class=\"screen-reader-text\">Praktisk information<\/span><\/a><\/p>\n","protected":false},"author":2,"featured_media":0,"parent":0,"menu_order":0,"comment_status":"closed","ping_status":"closed","template":"","meta":{"neve_meta_sidebar":"","neve_meta_container":"","neve_meta_enable_content_width":"","neve_meta_content_width":0,"neve_meta_title_alignment":"","neve_meta_author_avatar":"","neve_post_elements_order":"","neve_meta_disable_header":"","neve_meta_disable_footer":"","neve_meta_disable_title":"","jetpack_post_was_ever_published":false,"footnotes":""},"_links":{"self":[{"href":"https:\/\/tm.sogc.nu\/index.php\/wp-json\/wp\/v2\/pages\/12"}],"collection":[{"href":"https:\/\/tm.sogc.nu\/index.php\/wp-json\/wp\/v2\/pages"}],"about":[{"href":"https:\/\/tm.sogc.nu\/index.php\/wp-json\/wp\/v2\/types\/page"}],"author":[{"embeddable":true,"href":"https:\/\/tm.sogc.nu\/index.php\/wp-json\/wp\/v2\/users\/2"}],"replies":[{"embeddable":true,"href":"https:\/\/tm.sogc.nu\/index.php\/wp-json\/wp\/v2\/comments?post=12"}],"version-history":[{"count":15,"href":"https:\/\/tm.sogc.nu\/index.php\/wp-json\/wp\/v2\/pages\/12\/revisions"}],"predecessor-version":[{"id":482,"href":"https:\/\/tm.sogc.nu\/index.php\/wp-json\/wp\/v2\/pages\/12\/revisions\/482"}],"wp:attachment":[{"href":"https:\/\/tm.sogc.nu\/index.php\/wp-json\/wp\/v2\/media?parent=12"}],"curies":[{"name":"wp","href":"https:\/\/api.w.org\/{rel}","templated":true}]}}