{"id":287,"date":"2023-05-11T13:37:20","date_gmt":"2023-05-11T11:37:20","guid":{"rendered":"https:\/\/tm.sogc.nu\/?page_id=287"},"modified":"2023-08-01T14:31:51","modified_gmt":"2023-08-01T12:31:51","slug":"terraforming-mars","status":"publish","type":"page","link":"https:\/\/tm.sogc.nu\/index.php\/terraforming-mars\/","title":{"rendered":"Om Terraforming Mars"},"content":{"rendered":"\n<p class=\"has-text-align-center\">Terraforming Mars (2016)<br>Ett spel som f\u00f6r\u00e4ndrar v\u00e4rlden av Jacob Fryxelius<br>F\u00f6r 1-5 spelare i \u00e5ldern 12+. Speltid: 2 timmar.<\/p>\n\n\n<div class=\"wp-block-image\">\n<figure class=\"aligncenter size-full\"><img decoding=\"async\" loading=\"lazy\" width=\"1024\" height=\"576\" src=\"https:\/\/tm.sogc.nu\/wp-content\/uploads\/2023\/05\/TMbox-1.webp\" alt=\"\" class=\"wp-image-288\" srcset=\"https:\/\/tm.sogc.nu\/wp-content\/uploads\/2023\/05\/TMbox-1.webp 1024w, https:\/\/tm.sogc.nu\/wp-content\/uploads\/2023\/05\/TMbox-1-300x169.webp 300w, https:\/\/tm.sogc.nu\/wp-content\/uploads\/2023\/05\/TMbox-1-768x432.webp 768w\" sizes=\"(max-width: 1024px) 100vw, 1024px\" \/><\/figure><\/div>\n\n\n<p class=\"has-text-align-center\">T\u00e4mjningen av den r\u00f6da planeten har b\u00f6rjat!<\/p>\n\n\n\n<p class=\"has-text-align-left\">F\u00f6retag t\u00e4vlar om att f\u00f6rvandla Mars till en beboelig planet genom att spendera enorma resurser och anv\u00e4nda innovativ teknik f\u00f6r att h\u00f6ja temperaturen, skapa en andningsbar atmosf\u00e4r och g\u00f6ra oceaner av vatten. Allt eftersom terraformningen fortskrider kommer fler och fler m\u00e4nniskor att invandra fr\u00e5n jorden f\u00f6r att bo p\u00e5 den r\u00f6da planeten.<\/p>\n\n\n\n<p class=\"has-text-align-left\">I Terraforming Mars kontrollerar du ett f\u00f6retag med en viss profil. Spela projektkort, bygg upp produktion, placera dina st\u00e4der och gr\u00f6nomr\u00e5den p\u00e5 kartan och t\u00e4vla om milstolpar och utm\u00e4rkelser!<\/p>\n\n\n\n<p class=\"has-text-align-center\">Kommer ditt f\u00f6retag att leda v\u00e4gen in i m\u00e4nsklighetens nya era?<\/p>\n\n\n<div class=\"wp-block-image\">\n<figure class=\"aligncenter size-full\"><img decoding=\"async\" loading=\"lazy\" width=\"600\" height=\"337\" src=\"https:\/\/tm.sogc.nu\/wp-content\/uploads\/2023\/05\/in-game.jpg\" alt=\"\" class=\"wp-image-289\" srcset=\"https:\/\/tm.sogc.nu\/wp-content\/uploads\/2023\/05\/in-game.jpg 600w, https:\/\/tm.sogc.nu\/wp-content\/uploads\/2023\/05\/in-game-300x169.jpg 300w\" sizes=\"(max-width: 600px) 100vw, 600px\" \/><\/figure><\/div>\n\n\n<p class=\"has-text-align-center\">En bild fr\u00e5n den digitala versionen, nu tillg\u00e4nglig p\u00e5 Steam, iOS och Android.<\/p>\n\n\n\n<hr class=\"wp-block-separator has-alpha-channel-opacity\"\/>\n\n\n\n<ul>\n<li>F\u00f6r mer information, bilder, diskussionsforum, recensioner och betyg, se <a href=\"https:\/\/boardgamegeek.com\/boardgame\/167791\/terraforming-mars\" target=\"_blank\" rel=\"noreferrer noopener\">BoardGameGeek-sidan<\/a><\/li>\n\n\n\n<li>F\u00f6r mer information om den digitala versionen, bes\u00f6k <a href=\"https:\/\/store.steampowered.com\/app\/800270\/Terraforming_Mars\/\" target=\"_blank\" rel=\"noreferrer noopener\">Steam<\/a><\/li>\n\n\n\n<li>F\u00f6r tematiska presentationer av vissa kort, se <a href=\"https:\/\/www.fryxgames.se\/category\/games\/terraforming-mars\/\" target=\"_blank\" rel=\"noreferrer noopener\">Fryxgames nyhetsarkiv<\/a><\/li>\n\n\n\n<li>Reglerna kan <a rel=\"noreferrer noopener\" href=\"https:\/\/www.fryxgames.se\/TerraformingMars\/TMRULESFINAL.pdf\" target=\"_blank\">laddas ner<\/a><br><br><br>Tom Vasel och Jason Levine recenserar Terraforming Mars och ger den sitt ber\u00f6m:<\/li>\n<\/ul>\n\n\n\n<figure class=\"wp-block-embed is-type-video is-provider-youtube wp-block-embed-youtube wp-embed-aspect-16-9 wp-has-aspect-ratio\"><div class=\"wp-block-embed__wrapper\">\n<div class=\"nv-iframe-embed\"><iframe loading=\"lazy\" title=\"Every Game is Awesome 36: Terraforming Mars\" width=\"1200\" height=\"675\" src=\"https:\/\/www.youtube.com\/embed\/0OwATTKD4oI?feature=oembed\" frameborder=\"0\" allow=\"accelerometer; autoplay; clipboard-write; encrypted-media; gyroscope; picture-in-picture; web-share\" allowfullscreen><\/iframe><\/div>\n<\/div><\/figure>\n\n\n\n<p><\/p>\n\n\n\n<hr class=\"wp-block-separator aligncenter has-alpha-channel-opacity\"\/>\n\n\n\n<p><\/p>\n\n\n\n<p>EXPANSIONER:<\/p>\n\n\n\n<p><\/p>\n\n\n\n<ul>\n<li><a href=\"https:\/\/tm.sogc.nu\/index.php\/hellas-elysium-2017\/\"><strong>Hellas &amp; Elysium<\/strong><\/a>&nbsp;(2017)<\/li>\n\n\n\n<li><a href=\"https:\/\/tm.sogc.nu\/index.php\/terraforming-mars\/venus-next-2017\/\"><strong>Venus Next<\/strong><\/a>&nbsp;(2017)<\/li>\n\n\n\n<li><a href=\"https:\/\/tm.sogc.nu\/index.php\/terraforming-mars\/prelude-2018\/\"><strong>Prelude<\/strong><\/a>&nbsp;(2018)<\/li>\n\n\n\n<li><a href=\"https:\/\/tm.sogc.nu\/index.php\/terraforming-mars\/colonies-2018\/\"><strong>Colonies<\/strong><\/a>&nbsp;(2018)<\/li>\n\n\n\n<li><a href=\"https:\/\/tm.sogc.nu\/index.php\/terraforming-mars\/turmoil-2019\/\"><strong>Turmoil<\/strong><\/a>&nbsp;(2019)<\/li>\n<\/ul>\n\n\n\n<hr class=\"wp-block-separator has-alpha-channel-opacity\"\/>\n\n\n\n<p>Officiell handledning<\/p>\n\n\n\n<figure class=\"wp-block-embed is-type-video is-provider-youtube wp-block-embed-youtube wp-embed-aspect-16-9 wp-has-aspect-ratio\"><div class=\"wp-block-embed__wrapper\">\n<div class=\"nv-iframe-embed\"><iframe loading=\"lazy\" title=\"Terraforming Mars official tutorial: INTRO\" width=\"1200\" height=\"675\" src=\"https:\/\/www.youtube.com\/embed\/Lo9iualSClk?feature=oembed\" frameborder=\"0\" allow=\"accelerometer; autoplay; clipboard-write; encrypted-media; gyroscope; picture-in-picture; web-share\" allowfullscreen><\/iframe><\/div>\n<\/div><\/figure>\n\n\n\n<hr class=\"wp-block-separator has-alpha-channel-opacity\"\/>\n\n\n\n<figure class=\"wp-block-embed is-type-video is-provider-youtube wp-block-embed-youtube wp-embed-aspect-16-9 wp-has-aspect-ratio\"><div class=\"wp-block-embed__wrapper\">\n<div class=\"nv-iframe-embed\"><iframe loading=\"lazy\" title=\"Terraforming Mars official tutorial part 1: SETUP\" width=\"1200\" height=\"675\" src=\"https:\/\/www.youtube.com\/embed\/9K3Y8Cd1qnA?feature=oembed\" frameborder=\"0\" allow=\"accelerometer; autoplay; clipboard-write; encrypted-media; gyroscope; picture-in-picture; web-share\" allowfullscreen><\/iframe><\/div>\n<\/div><\/figure>\n\n\n\n<hr class=\"wp-block-separator has-alpha-channel-opacity\"\/>\n\n\n\n<figure class=\"wp-block-embed is-type-video is-provider-youtube wp-block-embed-youtube wp-embed-aspect-16-9 wp-has-aspect-ratio\"><div class=\"wp-block-embed__wrapper\">\n<div class=\"nv-iframe-embed\"><iframe loading=\"lazy\" title=\"Terraforming Mars official tutorial part 2: GENERATION\" width=\"1200\" height=\"675\" src=\"https:\/\/www.youtube.com\/embed\/VKWhwUhm2oI?feature=oembed\" frameborder=\"0\" allow=\"accelerometer; autoplay; clipboard-write; encrypted-media; gyroscope; picture-in-picture; web-share\" allowfullscreen><\/iframe><\/div>\n<\/div><\/figure>\n\n\n\n<hr class=\"wp-block-separator has-alpha-channel-opacity\"\/>\n\n\n\n<figure class=\"wp-block-embed is-type-video is-provider-youtube wp-block-embed-youtube wp-embed-aspect-16-9 wp-has-aspect-ratio\"><div class=\"wp-block-embed__wrapper\">\n<div class=\"nv-iframe-embed\"><iframe loading=\"lazy\" title=\"Terraforming Mars official tutorial part 3: ACTIONS\" width=\"1200\" height=\"675\" src=\"https:\/\/www.youtube.com\/embed\/A9-FpNpptjM?feature=oembed\" frameborder=\"0\" allow=\"accelerometer; autoplay; clipboard-write; encrypted-media; gyroscope; picture-in-picture; web-share\" allowfullscreen><\/iframe><\/div>\n<\/div><\/figure>\n\n\n\n<hr class=\"wp-block-separator has-alpha-channel-opacity\"\/>\n\n\n\n<figure class=\"wp-block-embed is-type-video is-provider-youtube wp-block-embed-youtube wp-embed-aspect-16-9 wp-has-aspect-ratio\"><div class=\"wp-block-embed__wrapper\">\n<div class=\"nv-iframe-embed\"><iframe loading=\"lazy\" title=\"Terraforming Mars official tutorial part 4: CARDS\" width=\"1200\" height=\"675\" src=\"https:\/\/www.youtube.com\/embed\/B9XsPsLQAwQ?feature=oembed\" frameborder=\"0\" allow=\"accelerometer; autoplay; clipboard-write; encrypted-media; gyroscope; picture-in-picture; web-share\" allowfullscreen><\/iframe><\/div>\n<\/div><\/figure>\n\n\n\n<hr class=\"wp-block-separator has-alpha-channel-opacity\"\/>\n\n\n\n<figure class=\"wp-block-embed is-type-video is-provider-youtube wp-block-embed-youtube wp-embed-aspect-16-9 wp-has-aspect-ratio\"><div class=\"wp-block-embed__wrapper\">\n<div class=\"nv-iframe-embed\"><iframe loading=\"lazy\" title=\"Terraforming Mars official tutorial part 5: TILES and placement bonuses\" width=\"1200\" height=\"675\" src=\"https:\/\/www.youtube.com\/embed\/P_fajI02Qb8?feature=oembed\" frameborder=\"0\" allow=\"accelerometer; autoplay; clipboard-write; encrypted-media; gyroscope; picture-in-picture; web-share\" allowfullscreen><\/iframe><\/div>\n<\/div><\/figure>\n\n\n\n<hr class=\"wp-block-separator has-alpha-channel-opacity\"\/>\n\n\n\n<figure class=\"wp-block-embed is-type-video is-provider-youtube wp-block-embed-youtube wp-embed-aspect-16-9 wp-has-aspect-ratio\"><div class=\"wp-block-embed__wrapper\">\n<div class=\"nv-iframe-embed\"><iframe loading=\"lazy\" title=\"Terraforming Mars official tutorial part 6: MILESTONES &amp; AWARDS\" width=\"1200\" height=\"675\" src=\"https:\/\/www.youtube.com\/embed\/SERokFTb_kc?feature=oembed\" frameborder=\"0\" allow=\"accelerometer; autoplay; clipboard-write; encrypted-media; gyroscope; picture-in-picture; web-share\" allowfullscreen><\/iframe><\/div>\n<\/div><\/figure>\n\n\n\n<hr class=\"wp-block-separator has-alpha-channel-opacity\"\/>\n\n\n\n<figure class=\"wp-block-embed is-type-video is-provider-youtube wp-block-embed-youtube wp-embed-aspect-16-9 wp-has-aspect-ratio\"><div class=\"wp-block-embed__wrapper\">\n<div class=\"nv-iframe-embed\"><iframe loading=\"lazy\" title=\"Terraforming Mars official tutorial part 7: GAME END and SCORING\" width=\"1200\" height=\"675\" src=\"https:\/\/www.youtube.com\/embed\/zwZzrkIsSVc?feature=oembed\" frameborder=\"0\" allow=\"accelerometer; autoplay; clipboard-write; encrypted-media; gyroscope; picture-in-picture; web-share\" allowfullscreen><\/iframe><\/div>\n<\/div><\/figure>\n\n\n\n<hr class=\"wp-block-separator has-alpha-channel-opacity\"\/>\n\n\n\n<figure class=\"wp-block-embed is-type-video is-provider-youtube wp-block-embed-youtube wp-embed-aspect-16-9 wp-has-aspect-ratio\"><div class=\"wp-block-embed__wrapper\">\n<div class=\"nv-iframe-embed\"><iframe loading=\"lazy\" title=\"Terraforming Mars official tutorial part 8: playing SOLO\" width=\"1200\" height=\"675\" src=\"https:\/\/www.youtube.com\/embed\/RFwPvqhDKZE?feature=oembed\" frameborder=\"0\" allow=\"accelerometer; autoplay; clipboard-write; encrypted-media; gyroscope; picture-in-picture; web-share\" allowfullscreen><\/iframe><\/div>\n<\/div><\/figure>\n\n\n\n<hr class=\"wp-block-separator has-alpha-channel-opacity\"\/>\n\n\n\n<p>Informationen \u00e4r h\u00e4mtad fr\u00e5n <a href=\"https:\/\/www.fryxgames.se\/\" target=\"_blank\" rel=\"noreferrer noopener\">www.fryxgames.se<\/a><\/p>\n\n\n\n<p><\/p>\n","protected":false},"excerpt":{"rendered":"<p>Terraforming Mars (2016)Ett spel som f\u00f6r\u00e4ndrar v\u00e4rlden av Jacob FryxeliusF\u00f6r 1-5 spelare i \u00e5ldern 12+. Speltid: 2 timmar. T\u00e4mjningen av den r\u00f6da planeten har b\u00f6rjat! F\u00f6retag t\u00e4vlar om att f\u00f6rvandla Mars till en beboelig planet genom att spendera enorma resurser och anv\u00e4nda innovativ teknik f\u00f6r att h\u00f6ja temperaturen, skapa en andningsbar atmosf\u00e4r och g\u00f6ra oceaner&hellip;&nbsp;<a href=\"https:\/\/tm.sogc.nu\/index.php\/terraforming-mars\/\" class=\"\" rel=\"bookmark\">L\u00e4s mer &raquo;<span class=\"screen-reader-text\">Om Terraforming Mars<\/span><\/a><\/p>\n","protected":false},"author":2,"featured_media":0,"parent":0,"menu_order":0,"comment_status":"closed","ping_status":"closed","template":"","meta":{"neve_meta_sidebar":"","neve_meta_container":"","neve_meta_enable_content_width":"","neve_meta_content_width":0,"neve_meta_title_alignment":"","neve_meta_author_avatar":"","neve_post_elements_order":"","neve_meta_disable_header":"","neve_meta_disable_footer":"","neve_meta_disable_title":"","jetpack_post_was_ever_published":false,"footnotes":""},"_links":{"self":[{"href":"https:\/\/tm.sogc.nu\/index.php\/wp-json\/wp\/v2\/pages\/287"}],"collection":[{"href":"https:\/\/tm.sogc.nu\/index.php\/wp-json\/wp\/v2\/pages"}],"about":[{"href":"https:\/\/tm.sogc.nu\/index.php\/wp-json\/wp\/v2\/types\/page"}],"author":[{"embeddable":true,"href":"https:\/\/tm.sogc.nu\/index.php\/wp-json\/wp\/v2\/users\/2"}],"replies":[{"embeddable":true,"href":"https:\/\/tm.sogc.nu\/index.php\/wp-json\/wp\/v2\/comments?post=287"}],"version-history":[{"count":18,"href":"https:\/\/tm.sogc.nu\/index.php\/wp-json\/wp\/v2\/pages\/287\/revisions"}],"predecessor-version":[{"id":483,"href":"https:\/\/tm.sogc.nu\/index.php\/wp-json\/wp\/v2\/pages\/287\/revisions\/483"}],"wp:attachment":[{"href":"https:\/\/tm.sogc.nu\/index.php\/wp-json\/wp\/v2\/media?parent=287"}],"curies":[{"name":"wp","href":"https:\/\/api.w.org\/{rel}","templated":true}]}}