{"id":300,"date":"2023-05-11T13:46:40","date_gmt":"2023-05-11T11:46:40","guid":{"rendered":"https:\/\/tm.sogc.nu\/?page_id=300"},"modified":"2023-05-11T14:19:34","modified_gmt":"2023-05-11T12:19:34","slug":"prelude-2018","status":"publish","type":"page","link":"https:\/\/tm.sogc.nu\/index.php\/terraforming-mars\/prelude-2018\/","title":{"rendered":"Prelude (2018)"},"content":{"rendered":"<div class=\"wp-block-image\">\n<figure class=\"aligncenter size-full\"><img decoding=\"async\" loading=\"lazy\" width=\"508\" height=\"704\" src=\"https:\/\/tm.sogc.nu\/wp-content\/uploads\/2023\/05\/Preludefront.webp\" alt=\"\" class=\"wp-image-301\" srcset=\"https:\/\/tm.sogc.nu\/wp-content\/uploads\/2023\/05\/Preludefront.webp 508w, https:\/\/tm.sogc.nu\/wp-content\/uploads\/2023\/05\/Preludefront-216x300.webp 216w\" sizes=\"(max-width: 508px) 100vw, 508px\" \/><\/figure><\/div>\n\n\n<p>N\u00e4r megaf\u00f6retagen g\u00f6r sig redo att starta terraformingsprocessen har du nu chansen att g\u00f6ra de tidiga valen som kommer att definiera ditt f\u00f6retag och s\u00e4tta kursen f\u00f6r Mars framtida historia.<\/p>\n\n\n\n<p>Detta \u00e4r upptakten till dina st\u00f6rsta anstr\u00e4ngningar!<\/p>\n\n\n\n<p>I Prelude kan du v\u00e4lja mellan Prelude-kort som drar ig\u00e5ng terraformingsprocessen eller \u00f6kar din f\u00f6retagsmotor. Det finns ocks\u00e5 5 nya f\u00f6retag och 7 nya projektkort som tematiskt passar de tidiga stadierna av terraforming.<\/p>\n\n\n\n<p>Speldesign: Jacob Fryxelius<br>Grafisk design: Isaac Fryxelius<br>Konstverk: Isaac Fryxelius, Daniel Fryxelius, Bill Bricker, Garrett W. Kaida, Tomislav Tikulin, diverse<\/p>\n\n\n\n<p>Dice Tower har gjort en recension f\u00f6r Prelude, du kan se den nedan:<\/p>\n\n\n\n<hr class=\"wp-block-separator has-alpha-channel-opacity\"\/>\n\n\n\n<figure class=\"wp-block-embed is-type-video is-provider-youtube wp-block-embed-youtube wp-embed-aspect-16-9 wp-has-aspect-ratio\"><div class=\"wp-block-embed__wrapper\">\n<div class=\"nv-iframe-embed\"><iframe loading=\"lazy\" title=\"Terraforming Mars: Prelude Review - with Tom Vasel\" width=\"1200\" height=\"675\" src=\"https:\/\/www.youtube.com\/embed\/8U7tJGIkNSs?feature=oembed\" frameborder=\"0\" allow=\"accelerometer; autoplay; clipboard-write; encrypted-media; gyroscope; picture-in-picture; web-share\" allowfullscreen><\/iframe><\/div>\n<\/div><\/figure>\n\n\n\n<p><\/p>\n","protected":false},"excerpt":{"rendered":"<p>N\u00e4r megaf\u00f6retagen g\u00f6r sig redo att starta terraformingsprocessen har du nu chansen att g\u00f6ra de tidiga valen som kommer att definiera ditt f\u00f6retag och s\u00e4tta kursen f\u00f6r Mars framtida historia. Detta \u00e4r upptakten till dina st\u00f6rsta anstr\u00e4ngningar! I Prelude kan du v\u00e4lja mellan Prelude-kort som drar ig\u00e5ng terraformingsprocessen eller \u00f6kar din f\u00f6retagsmotor. Det finns ocks\u00e5&hellip;&nbsp;<a href=\"https:\/\/tm.sogc.nu\/index.php\/terraforming-mars\/prelude-2018\/\" class=\"\" rel=\"bookmark\">L\u00e4s mer &raquo;<span class=\"screen-reader-text\">Prelude (2018)<\/span><\/a><\/p>\n","protected":false},"author":2,"featured_media":0,"parent":287,"menu_order":0,"comment_status":"closed","ping_status":"closed","template":"","meta":{"neve_meta_sidebar":"","neve_meta_container":"","neve_meta_enable_content_width":"","neve_meta_content_width":0,"neve_meta_title_alignment":"","neve_meta_author_avatar":"","neve_post_elements_order":"","neve_meta_disable_header":"","neve_meta_disable_footer":"","neve_meta_disable_title":"","jetpack_post_was_ever_published":false,"footnotes":""},"_links":{"self":[{"href":"https:\/\/tm.sogc.nu\/index.php\/wp-json\/wp\/v2\/pages\/300"}],"collection":[{"href":"https:\/\/tm.sogc.nu\/index.php\/wp-json\/wp\/v2\/pages"}],"about":[{"href":"https:\/\/tm.sogc.nu\/index.php\/wp-json\/wp\/v2\/types\/page"}],"author":[{"embeddable":true,"href":"https:\/\/tm.sogc.nu\/index.php\/wp-json\/wp\/v2\/users\/2"}],"replies":[{"embeddable":true,"href":"https:\/\/tm.sogc.nu\/index.php\/wp-json\/wp\/v2\/comments?post=300"}],"version-history":[{"count":2,"href":"https:\/\/tm.sogc.nu\/index.php\/wp-json\/wp\/v2\/pages\/300\/revisions"}],"predecessor-version":[{"id":340,"href":"https:\/\/tm.sogc.nu\/index.php\/wp-json\/wp\/v2\/pages\/300\/revisions\/340"}],"up":[{"embeddable":true,"href":"https:\/\/tm.sogc.nu\/index.php\/wp-json\/wp\/v2\/pages\/287"}],"wp:attachment":[{"href":"https:\/\/tm.sogc.nu\/index.php\/wp-json\/wp\/v2\/media?parent=300"}],"curies":[{"name":"wp","href":"https:\/\/api.w.org\/{rel}","templated":true}]}}