{"id":303,"date":"2023-05-11T13:49:16","date_gmt":"2023-05-11T11:49:16","guid":{"rendered":"https:\/\/tm.sogc.nu\/?page_id=303"},"modified":"2023-05-11T14:18:36","modified_gmt":"2023-05-11T12:18:36","slug":"colonies-2018","status":"publish","type":"page","link":"https:\/\/tm.sogc.nu\/index.php\/terraforming-mars\/colonies-2018\/","title":{"rendered":"Colonies (2018)"},"content":{"rendered":"\n<figure class=\"wp-block-image size-full\"><img decoding=\"async\" loading=\"lazy\" width=\"805\" height=\"1024\" src=\"https:\/\/tm.sogc.nu\/wp-content\/uploads\/2023\/05\/pic4193099.webp\" alt=\"\" class=\"wp-image-304\" srcset=\"https:\/\/tm.sogc.nu\/wp-content\/uploads\/2023\/05\/pic4193099.webp 805w, https:\/\/tm.sogc.nu\/wp-content\/uploads\/2023\/05\/pic4193099-236x300.webp 236w, https:\/\/tm.sogc.nu\/wp-content\/uploads\/2023\/05\/pic4193099-768x977.webp 768w\" sizes=\"(max-width: 805px) 100vw, 805px\" \/><\/figure>\n\n\n\n<p>V\u00e5r v\u00e4rld har vidgats f\u00f6re oss. F\u00f6retag expanderar sin verksamhet till alla h\u00f6rn av solsystemet i jakten p\u00e5 mineraler och resurser. De flesta platser \u00e4r inte l\u00e4mpade f\u00f6r terraformning, men att bygga kolonier kan avsev\u00e4rt f\u00f6rb\u00e4ttra din inkomst och dina m\u00f6jligheter att uppn\u00e5 det h\u00f6gre m\u00e5let \u2013 terraforming av Mars. Skicka din handelsflotta till avl\u00e4gsna m\u00e5nar! Kolonisera Jupiters moln! Och l\u00e5t dina jordtillg\u00e5ngar driva dig till framg\u00e5ng!<\/p>\n\n\n\n<p>COLONIES l\u00e5ter dig bes\u00f6ka det yttre solsystemet. Den har kolonibrickor d\u00e4r du kan bygga kolonier och skicka din handelsflotta. Det inkluderar ocks\u00e5 nya kort och f\u00f6retag.<\/p>\n\n\n\n<figure class=\"wp-block-image size-full\"><img decoding=\"async\" loading=\"lazy\" width=\"768\" height=\"354\" src=\"https:\/\/tm.sogc.nu\/wp-content\/uploads\/2023\/05\/TitanJupiterFloatingstationFloatertech.webp\" alt=\"\" class=\"wp-image-305\" srcset=\"https:\/\/tm.sogc.nu\/wp-content\/uploads\/2023\/05\/TitanJupiterFloatingstationFloatertech.webp 768w, https:\/\/tm.sogc.nu\/wp-content\/uploads\/2023\/05\/TitanJupiterFloatingstationFloatertech-300x138.webp 300w\" sizes=\"(max-width: 768px) 100vw, 768px\" \/><\/figure>\n\n\n\n<p>Speldesign: Jacob Fryxelius, Jonathan Fryxelius<br>Grafisk design: Isaac Fryxelius<br>Konstverk: Isaac Fryxelius, Daniel Fryxelius, Bill Bricker, Garrett W. Kaida, diverse<\/p>\n\n\n\n<p>Vi har gjort en videohandledning f\u00f6r expansionen Colonies, s\u00e5 att du kan l\u00e4ra dig hur du spelar p\u00e5 nolltid!<\/p>\n\n\n\n<hr class=\"wp-block-separator has-alpha-channel-opacity\"\/>\n\n\n\n<figure class=\"wp-block-embed is-type-video is-provider-youtube wp-block-embed-youtube wp-embed-aspect-16-9 wp-has-aspect-ratio\"><div class=\"wp-block-embed__wrapper\">\n<div class=\"nv-iframe-embed\"><iframe loading=\"lazy\" title=\"TM COLONIES OFFICIAL TUTORIAL\" width=\"1200\" height=\"675\" src=\"https:\/\/www.youtube.com\/embed\/qlvKD2UA8qk?feature=oembed\" frameborder=\"0\" allow=\"accelerometer; autoplay; clipboard-write; encrypted-media; gyroscope; picture-in-picture; web-share\" allowfullscreen><\/iframe><\/div>\n<\/div><\/figure>\n\n\n\n<p><\/p>\n","protected":false},"excerpt":{"rendered":"<p>V\u00e5r v\u00e4rld har vidgats f\u00f6re oss. F\u00f6retag expanderar sin verksamhet till alla h\u00f6rn av solsystemet i jakten p\u00e5 mineraler och resurser. De flesta platser \u00e4r inte l\u00e4mpade f\u00f6r terraformning, men att bygga kolonier kan avsev\u00e4rt f\u00f6rb\u00e4ttra din inkomst och dina m\u00f6jligheter att uppn\u00e5 det h\u00f6gre m\u00e5let \u2013 terraforming av Mars. Skicka din handelsflotta till avl\u00e4gsna&hellip;&nbsp;<a href=\"https:\/\/tm.sogc.nu\/index.php\/terraforming-mars\/colonies-2018\/\" class=\"\" rel=\"bookmark\">L\u00e4s mer &raquo;<span class=\"screen-reader-text\">Colonies (2018)<\/span><\/a><\/p>\n","protected":false},"author":2,"featured_media":0,"parent":287,"menu_order":0,"comment_status":"closed","ping_status":"closed","template":"","meta":{"neve_meta_sidebar":"","neve_meta_container":"","neve_meta_enable_content_width":"","neve_meta_content_width":0,"neve_meta_title_alignment":"","neve_meta_author_avatar":"","neve_post_elements_order":"","neve_meta_disable_header":"","neve_meta_disable_footer":"","neve_meta_disable_title":"","jetpack_post_was_ever_published":false,"footnotes":""},"_links":{"self":[{"href":"https:\/\/tm.sogc.nu\/index.php\/wp-json\/wp\/v2\/pages\/303"}],"collection":[{"href":"https:\/\/tm.sogc.nu\/index.php\/wp-json\/wp\/v2\/pages"}],"about":[{"href":"https:\/\/tm.sogc.nu\/index.php\/wp-json\/wp\/v2\/types\/page"}],"author":[{"embeddable":true,"href":"https:\/\/tm.sogc.nu\/index.php\/wp-json\/wp\/v2\/users\/2"}],"replies":[{"embeddable":true,"href":"https:\/\/tm.sogc.nu\/index.php\/wp-json\/wp\/v2\/comments?post=303"}],"version-history":[{"count":2,"href":"https:\/\/tm.sogc.nu\/index.php\/wp-json\/wp\/v2\/pages\/303\/revisions"}],"predecessor-version":[{"id":337,"href":"https:\/\/tm.sogc.nu\/index.php\/wp-json\/wp\/v2\/pages\/303\/revisions\/337"}],"up":[{"embeddable":true,"href":"https:\/\/tm.sogc.nu\/index.php\/wp-json\/wp\/v2\/pages\/287"}],"wp:attachment":[{"href":"https:\/\/tm.sogc.nu\/index.php\/wp-json\/wp\/v2\/media?parent=303"}],"curies":[{"name":"wp","href":"https:\/\/api.w.org\/{rel}","templated":true}]}}