{"id":309,"date":"2023-05-11T13:51:54","date_gmt":"2023-05-11T11:51:54","guid":{"rendered":"https:\/\/tm.sogc.nu\/?page_id=309"},"modified":"2023-05-11T14:19:45","modified_gmt":"2023-05-11T12:19:45","slug":"turmoil-2019","status":"publish","type":"page","link":"https:\/\/tm.sogc.nu\/index.php\/terraforming-mars\/turmoil-2019\/","title":{"rendered":"Turmoil (2019)"},"content":{"rendered":"<div class=\"wp-block-image\">\n<figure class=\"aligncenter size-full\"><img decoding=\"async\" loading=\"lazy\" width=\"416\" height=\"530\" src=\"https:\/\/tm.sogc.nu\/wp-content\/uploads\/2023\/05\/TurmoilFront.webp\" alt=\"\" class=\"wp-image-310\" srcset=\"https:\/\/tm.sogc.nu\/wp-content\/uploads\/2023\/05\/TurmoilFront.webp 416w, https:\/\/tm.sogc.nu\/wp-content\/uploads\/2023\/05\/TurmoilFront-235x300.webp 235w\" sizes=\"(max-width: 416px) 100vw, 416px\" \/><\/figure><\/div>\n\n\n<p>Det \u00e4r en tid av turbulens f\u00f6r den m\u00e4nskliga civilisationen p\u00e5 Mars. Olika ideologier och agendor t\u00e4vlar om politisk makt, medan fruktansv\u00e4rda dammstormar och andra katastrofer hotar Marssamh\u00e4llenas framsteg. Skicka dina egna delegater f\u00f6r att p\u00e5verka Terraforming-kommitt\u00e9n och f\u00f6rbered ditt f\u00f6retag f\u00f6r h\u00e4ndelserna som lurar vid horisonten. Hitta ett s\u00e4tt att lyckas genom de utmaningar som ligger framf\u00f6r dig!<\/p>\n\n\n\n<p>TURMOIL&nbsp;l\u00e5ter dig engagera dig i politik och navigera i en f\u00f6r\u00e4nderlig v\u00e4rld. Delegater p\u00e5verkar Terraforming-kommitt\u00e9n och Global Events s\u00e4tter v\u00e4gen till framtiden. Det inkluderar ocks\u00e5 nya kort och f\u00f6retag.<\/p>\n\n\n\n<p>Detta \u00e4r en EXPERT EXPANSION till Terraforming Mars. TURMOIL&nbsp;spelas tillsammans med huvudspelet och kan kombineras med vilken annan expansion och variant som helst. Det l\u00e4gger till cirka 30 minuter till spell\u00e4ngden.<\/p>\n\n\n\n<p>Speldesign: Jacob Fryxelius<br>Grafisk design: Isaac Fryxelius<br>Konstverk: Isaac Fryxelius, Daniel Fryxelius, Bill Bricker, Garrett W. Kaida, diverse<\/p>\n\n\n\n<p><\/p>\n","protected":false},"excerpt":{"rendered":"<p>Det \u00e4r en tid av turbulens f\u00f6r den m\u00e4nskliga civilisationen p\u00e5 Mars. Olika ideologier och agendor t\u00e4vlar om politisk makt, medan fruktansv\u00e4rda dammstormar och andra katastrofer hotar Marssamh\u00e4llenas framsteg. Skicka dina egna delegater f\u00f6r att p\u00e5verka Terraforming-kommitt\u00e9n och f\u00f6rbered ditt f\u00f6retag f\u00f6r h\u00e4ndelserna som lurar vid horisonten. Hitta ett s\u00e4tt att lyckas genom de utmaningar&hellip;&nbsp;<a href=\"https:\/\/tm.sogc.nu\/index.php\/terraforming-mars\/turmoil-2019\/\" class=\"\" rel=\"bookmark\">L\u00e4s mer &raquo;<span class=\"screen-reader-text\">Turmoil (2019)<\/span><\/a><\/p>\n","protected":false},"author":2,"featured_media":0,"parent":287,"menu_order":0,"comment_status":"closed","ping_status":"closed","template":"","meta":{"neve_meta_sidebar":"","neve_meta_container":"","neve_meta_enable_content_width":"","neve_meta_content_width":0,"neve_meta_title_alignment":"","neve_meta_author_avatar":"","neve_post_elements_order":"","neve_meta_disable_header":"","neve_meta_disable_footer":"","neve_meta_disable_title":"","jetpack_post_was_ever_published":false,"footnotes":""},"_links":{"self":[{"href":"https:\/\/tm.sogc.nu\/index.php\/wp-json\/wp\/v2\/pages\/309"}],"collection":[{"href":"https:\/\/tm.sogc.nu\/index.php\/wp-json\/wp\/v2\/pages"}],"about":[{"href":"https:\/\/tm.sogc.nu\/index.php\/wp-json\/wp\/v2\/types\/page"}],"author":[{"embeddable":true,"href":"https:\/\/tm.sogc.nu\/index.php\/wp-json\/wp\/v2\/users\/2"}],"replies":[{"embeddable":true,"href":"https:\/\/tm.sogc.nu\/index.php\/wp-json\/wp\/v2\/comments?post=309"}],"version-history":[{"count":2,"href":"https:\/\/tm.sogc.nu\/index.php\/wp-json\/wp\/v2\/pages\/309\/revisions"}],"predecessor-version":[{"id":341,"href":"https:\/\/tm.sogc.nu\/index.php\/wp-json\/wp\/v2\/pages\/309\/revisions\/341"}],"up":[{"embeddable":true,"href":"https:\/\/tm.sogc.nu\/index.php\/wp-json\/wp\/v2\/pages\/287"}],"wp:attachment":[{"href":"https:\/\/tm.sogc.nu\/index.php\/wp-json\/wp\/v2\/media?parent=309"}],"curies":[{"name":"wp","href":"https:\/\/api.w.org\/{rel}","templated":true}]}}