{"id":33,"date":"2023-05-11T08:59:29","date_gmt":"2023-05-11T06:59:29","guid":{"rendered":"https:\/\/tm.sogc.nu\/?page_id=33"},"modified":"2023-08-01T14:23:30","modified_gmt":"2023-08-01T12:23:30","slug":"anmalan","status":"publish","type":"page","link":"https:\/\/tm.sogc.nu\/index.php\/anmalan\/","title":{"rendered":"Anm\u00e4lan"},"content":{"rendered":"\n<p>Biljetterna sl\u00e4pps den 2 september klockan tio och kommer att g\u00e5 att <a rel=\"noreferrer noopener\" href=\"https:\/\/osbyborgen.se\/evenemang\/\" target=\"_blank\">k\u00f6pa online h\u00e4r<\/a>. Om biljetterna tar slut kan du n\u00e5 oss under fliken kontakt f\u00f6r att s\u00e4tta upp dig p\u00e5 en reservlista.<\/p>\n\n\n\n<p>Biljetten kostar 250 kronor. I den ing\u00e5r: en plats i turneringen, dagens lunch p\u00e5 Restaurang Borgen, fralla p\u00e5 morgonen, kaffe hela dagen och ett \u00e4nnu osl\u00e4ppt promocard fr\u00e5n Fryxgames. <\/p>\n","protected":false},"excerpt":{"rendered":"<p>Biljetterna sl\u00e4pps den 2 september klockan tio och kommer att g\u00e5 att k\u00f6pa online h\u00e4r. Om biljetterna tar slut kan du n\u00e5 oss under fliken kontakt f\u00f6r att s\u00e4tta upp dig p\u00e5 en reservlista. Biljetten kostar 250 kronor. I den ing\u00e5r: en plats i turneringen, dagens lunch p\u00e5 Restaurang Borgen, fralla p\u00e5 morgonen, kaffe hela&hellip;&nbsp;<a href=\"https:\/\/tm.sogc.nu\/index.php\/anmalan\/\" class=\"\" rel=\"bookmark\">L\u00e4s mer &raquo;<span class=\"screen-reader-text\">Anm\u00e4lan<\/span><\/a><\/p>\n","protected":false},"author":2,"featured_media":0,"parent":0,"menu_order":0,"comment_status":"closed","ping_status":"closed","template":"","meta":{"neve_meta_sidebar":"","neve_meta_container":"","neve_meta_enable_content_width":"","neve_meta_content_width":0,"neve_meta_title_alignment":"","neve_meta_author_avatar":"","neve_post_elements_order":"","neve_meta_disable_header":"","neve_meta_disable_footer":"","neve_meta_disable_title":"","jetpack_post_was_ever_published":false,"footnotes":""},"_links":{"self":[{"href":"https:\/\/tm.sogc.nu\/index.php\/wp-json\/wp\/v2\/pages\/33"}],"collection":[{"href":"https:\/\/tm.sogc.nu\/index.php\/wp-json\/wp\/v2\/pages"}],"about":[{"href":"https:\/\/tm.sogc.nu\/index.php\/wp-json\/wp\/v2\/types\/page"}],"author":[{"embeddable":true,"href":"https:\/\/tm.sogc.nu\/index.php\/wp-json\/wp\/v2\/users\/2"}],"replies":[{"embeddable":true,"href":"https:\/\/tm.sogc.nu\/index.php\/wp-json\/wp\/v2\/comments?post=33"}],"version-history":[{"count":4,"href":"https:\/\/tm.sogc.nu\/index.php\/wp-json\/wp\/v2\/pages\/33\/revisions"}],"predecessor-version":[{"id":477,"href":"https:\/\/tm.sogc.nu\/index.php\/wp-json\/wp\/v2\/pages\/33\/revisions\/477"}],"wp:attachment":[{"href":"https:\/\/tm.sogc.nu\/index.php\/wp-json\/wp\/v2\/media?parent=33"}],"curies":[{"name":"wp","href":"https:\/\/api.w.org\/{rel}","templated":true}]}}